{"id":42,"date":"2021-07-21T14:31:24","date_gmt":"2021-07-21T14:31:24","guid":{"rendered":"http:\/\/e2tes.ist.utl.pt\/~e2tes.daemon\/wordpress\/?page_id=42"},"modified":"2023-05-24T20:14:52","modified_gmt":"2023-05-24T20:14:52","slug":"people","status":"publish","type":"page","link":"https:\/\/e2tes.ist.utl.pt\/wordpress\/people\/","title":{"rendered":"People"},"content":{"rendered":"\t\t<div data-elementor-type=\"wp-page\" data-elementor-id=\"42\" class=\"elementor elementor-42\">\n\t\t\t\t\t\t\t\t\t<section class=\"elementor-section elementor-top-section elementor-element elementor-element-a087b8a elementor-section-boxed elementor-section-height-default elementor-section-height-default\" data-id=\"a087b8a\" data-element_type=\"section\">\n\t\t\t\t\t\t<div class=\"elementor-container elementor-column-gap-default\">\n\t\t\t\t\t<div class=\"elementor-column elementor-col-100 elementor-top-column elementor-element elementor-element-da6832d\" data-id=\"da6832d\" data-element_type=\"column\">\n\t\t\t<div class=\"elementor-widget-wrap elementor-element-populated\">\n\t\t\t\t\t\t\t\t<div class=\"elementor-element elementor-element-cc065ed elementor-widget elementor-widget-image\" data-id=\"cc065ed\" data-element_type=\"widget\" data-widget_type=\"image.default\">\n\t\t\t\t<div class=\"elementor-widget-container\">\n\t\t\t<style>\/*! elementor - v3.6.7 - 03-07-2022 *\/\n.elementor-widget-image{text-align:center}.elementor-widget-image a{display:inline-block}.elementor-widget-image a img[src$=\".svg\"]{width:48px}.elementor-widget-image img{vertical-align:middle;display:inline-block}<\/style>\t\t\t\t\t\t\t\t\t\t\t\t<img decoding=\"async\" width=\"1065\" height=\"139\" src=\"https:\/\/e2tes.ist.utl.pt\/wordpress\/wp-content\/uploads\/2021\/07\/cover.png\" class=\"attachment-full size-full\" alt=\"\" loading=\"lazy\" srcset=\"https:\/\/e2tes.ist.utl.pt\/wordpress\/wp-content\/uploads\/2021\/07\/cover.png 1065w, https:\/\/e2tes.ist.utl.pt\/wordpress\/wp-content\/uploads\/2021\/07\/cover-300x39.png 300w, https:\/\/e2tes.ist.utl.pt\/wordpress\/wp-content\/uploads\/2021\/07\/cover-1024x134.png 1024w, https:\/\/e2tes.ist.utl.pt\/wordpress\/wp-content\/uploads\/2021\/07\/cover-768x100.png 768w\" sizes=\"(max-width: 1065px) 100vw, 1065px\" \/>\t\t\t\t\t\t\t\t\t\t\t\t\t\t\t<\/div>\n\t\t\t\t<\/div>\n\t\t\t\t\t<\/div>\n\t\t<\/div>\n\t\t\t\t\t\t\t<\/div>\n\t\t<\/section>\n\t\t\t\t<section class=\"elementor-section elementor-top-section elementor-element elementor-element-4179ee6 elementor-section-boxed elementor-section-height-default elementor-section-height-default\" data-id=\"4179ee6\" data-element_type=\"section\">\n\t\t\t\t\t\t<div class=\"elementor-container elementor-column-gap-default\">\n\t\t\t\t\t<div class=\"elementor-column elementor-col-25 elementor-top-column elementor-element elementor-element-ad8bf3f\" data-id=\"ad8bf3f\" data-element_type=\"column\" data-settings=\"{&quot;background_background&quot;:&quot;classic&quot;}\">\n\t\t\t<div class=\"elementor-widget-wrap elementor-element-populated\">\n\t\t\t\t\t\t\t\t<div class=\"elementor-element elementor-element-749ddcf elementor-widget elementor-widget-image\" data-id=\"749ddcf\" data-element_type=\"widget\" data-widget_type=\"image.default\">\n\t\t\t\t<div class=\"elementor-widget-container\">\n\t\t\t\t\t\t\t\t\t\t\t\t\t\t\t\t<a href=\"https:\/\/scholar.google.pt\/citations?user=bPz3GeYAAAAJ&#038;hl=pt-PT\">\n\t\t\t\t\t\t\t<img decoding=\"async\" width=\"150\" height=\"150\" src=\"https:\/\/e2tes.ist.utl.pt\/wordpress\/wp-content\/uploads\/2021\/07\/PB-150x150.jpg\" class=\"attachment-thumbnail size-thumbnail\" alt=\"\" loading=\"lazy\" srcset=\"https:\/\/e2tes.ist.utl.pt\/wordpress\/wp-content\/uploads\/2021\/07\/PB-150x150.jpg 150w, https:\/\/e2tes.ist.utl.pt\/wordpress\/wp-content\/uploads\/2021\/07\/PB-400x400.jpg 400w, https:\/\/e2tes.ist.utl.pt\/wordpress\/wp-content\/uploads\/2021\/07\/PB-100x100.jpg 100w\" sizes=\"(max-width: 150px) 100vw, 150px\" \/>\t\t\t\t\t\t\t\t<\/a>\n\t\t\t\t\t\t\t\t\t\t\t\t\t\t\t<\/div>\n\t\t\t\t<\/div>\n\t\t\t\t<div class=\"elementor-element elementor-element-9e5e0e8 elementor-widget elementor-widget-text-editor\" data-id=\"9e5e0e8\" data-element_type=\"widget\" data-widget_type=\"text-editor.default\">\n\t\t\t\t<div class=\"elementor-widget-container\">\n\t\t\t<style>\/*! elementor - v3.6.7 - 03-07-2022 *\/\n.elementor-widget-text-editor.elementor-drop-cap-view-stacked .elementor-drop-cap{background-color:#818a91;color:#fff}.elementor-widget-text-editor.elementor-drop-cap-view-framed .elementor-drop-cap{color:#818a91;border:3px solid;background-color:transparent}.elementor-widget-text-editor:not(.elementor-drop-cap-view-default) .elementor-drop-cap{margin-top:8px}.elementor-widget-text-editor:not(.elementor-drop-cap-view-default) .elementor-drop-cap-letter{width:1em;height:1em}.elementor-widget-text-editor .elementor-drop-cap{float:left;text-align:center;line-height:1;font-size:50px}.elementor-widget-text-editor .elementor-drop-cap-letter{display:inline-block}<\/style>\t\t\t\t<p><a href=\"https:\/\/scholar.google.pt\/citations?user=bPz3GeYAAAAJ&amp;hl=pt-PT\">Paulo Branco<\/a><\/p><p>Associate Professor with Habilitation<\/p>\t\t\t\t\t\t<\/div>\n\t\t\t\t<\/div>\n\t\t\t\t\t<\/div>\n\t\t<\/div>\n\t\t\t\t<div class=\"elementor-column elementor-col-25 elementor-top-column elementor-element elementor-element-9f0d720\" data-id=\"9f0d720\" data-element_type=\"column\" data-settings=\"{&quot;background_background&quot;:&quot;classic&quot;}\">\n\t\t\t<div class=\"elementor-widget-wrap elementor-element-populated\">\n\t\t\t\t\t\t\t\t<div class=\"elementor-element elementor-element-e039503 elementor-widget elementor-widget-image\" data-id=\"e039503\" data-element_type=\"widget\" data-widget_type=\"image.default\">\n\t\t\t\t<div class=\"elementor-widget-container\">\n\t\t\t\t\t\t\t\t\t\t\t\t\t\t\t\t<a href=\"https:\/\/scholar.google.pt\/citations?user=vO-hsMQAAAAJ&#038;hl=pt-PT\">\n\t\t\t\t\t\t\t<img decoding=\"async\" width=\"150\" height=\"150\" src=\"https:\/\/e2tes.ist.utl.pt\/wordpress\/wp-content\/uploads\/2021\/07\/foto_pass2_small-150x150.png\" class=\"attachment-thumbnail size-thumbnail\" alt=\"\" loading=\"lazy\" srcset=\"https:\/\/e2tes.ist.utl.pt\/wordpress\/wp-content\/uploads\/2021\/07\/foto_pass2_small-150x150.png 150w, https:\/\/e2tes.ist.utl.pt\/wordpress\/wp-content\/uploads\/2021\/07\/foto_pass2_small-400x400.png 400w, https:\/\/e2tes.ist.utl.pt\/wordpress\/wp-content\/uploads\/2021\/07\/foto_pass2_small-100x100.png 100w\" sizes=\"(max-width: 150px) 100vw, 150px\" \/>\t\t\t\t\t\t\t\t<\/a>\n\t\t\t\t\t\t\t\t\t\t\t\t\t\t\t<\/div>\n\t\t\t\t<\/div>\n\t\t\t\t<div class=\"elementor-element elementor-element-80ef4c1 elementor-widget elementor-widget-text-editor\" data-id=\"80ef4c1\" data-element_type=\"widget\" data-widget_type=\"text-editor.default\">\n\t\t\t\t<div class=\"elementor-widget-container\">\n\t\t\t\t\t\t\t<p><a href=\"https:\/\/scholar.google.pt\/citations?user=vO-hsMQAAAAJ&amp;hl=pt-PT\">Jo\u00e3o Fernandes<\/a><\/p><p>Assistant Professor<\/p>\t\t\t\t\t\t<\/div>\n\t\t\t\t<\/div>\n\t\t\t\t\t<\/div>\n\t\t<\/div>\n\t\t\t\t<div class=\"elementor-column elementor-col-25 elementor-top-column elementor-element elementor-element-1aab3cd\" data-id=\"1aab3cd\" data-element_type=\"column\" data-settings=\"{&quot;background_background&quot;:&quot;classic&quot;}\">\n\t\t\t<div class=\"elementor-widget-wrap elementor-element-populated\">\n\t\t\t\t\t\t\t\t<div class=\"elementor-element elementor-element-e8911e3 elementor-widget elementor-widget-image\" data-id=\"e8911e3\" data-element_type=\"widget\" data-widget_type=\"image.default\">\n\t\t\t\t<div class=\"elementor-widget-container\">\n\t\t\t\t\t\t\t\t\t\t\t\t\t\t\t<img decoding=\"async\" width=\"150\" height=\"150\" src=\"https:\/\/e2tes.ist.utl.pt\/wordpress\/wp-content\/uploads\/2021\/08\/Antonio-COsta2.jpeg\" class=\"attachment-thumbnail size-thumbnail\" alt=\"\" loading=\"lazy\" srcset=\"https:\/\/e2tes.ist.utl.pt\/wordpress\/wp-content\/uploads\/2021\/08\/Antonio-COsta2.jpeg 1472w, https:\/\/e2tes.ist.utl.pt\/wordpress\/wp-content\/uploads\/2021\/08\/Antonio-COsta2-300x300.jpeg 300w\" sizes=\"(max-width: 150px) 100vw, 150px\" \/>\t\t\t\t\t\t\t\t\t\t\t\t\t\t\t<\/div>\n\t\t\t\t<\/div>\n\t\t\t\t<div class=\"elementor-element elementor-element-daf1585 elementor-widget elementor-widget-text-editor\" data-id=\"daf1585\" data-element_type=\"widget\" data-widget_type=\"text-editor.default\">\n\t\t\t\t<div class=\"elementor-widget-container\">\n\t\t\t\t\t\t\t<p>Ant\u00f3nio Costa<\/p><p>Ph.D. Student<\/p>\t\t\t\t\t\t<\/div>\n\t\t\t\t<\/div>\n\t\t\t\t\t<\/div>\n\t\t<\/div>\n\t\t\t\t<div class=\"elementor-column elementor-col-25 elementor-top-column elementor-element elementor-element-e703088\" data-id=\"e703088\" data-element_type=\"column\" data-settings=\"{&quot;background_background&quot;:&quot;classic&quot;}\">\n\t\t\t<div class=\"elementor-widget-wrap elementor-element-populated\">\n\t\t\t\t\t\t\t\t<div class=\"elementor-element elementor-element-7593c3d elementor-widget elementor-widget-image\" data-id=\"7593c3d\" data-element_type=\"widget\" data-widget_type=\"image.default\">\n\t\t\t\t<div class=\"elementor-widget-container\">\n\t\t\t\t\t\t\t\t\t\t\t\t\t\t\t\t<a href=\"https:\/\/scholar.google.pt\/citations?user=MEwcBOsAAAAJ&#038;hl=pt-PT\">\n\t\t\t\t\t\t\t<img decoding=\"async\" width=\"150\" height=\"150\" src=\"https:\/\/e2tes.ist.utl.pt\/wordpress\/wp-content\/uploads\/2021\/07\/FS-1-150x150.jpg\" class=\"attachment-thumbnail size-thumbnail\" alt=\"\" loading=\"lazy\" srcset=\"https:\/\/e2tes.ist.utl.pt\/wordpress\/wp-content\/uploads\/2021\/07\/FS-1-150x150.jpg 150w, https:\/\/e2tes.ist.utl.pt\/wordpress\/wp-content\/uploads\/2021\/07\/FS-1-100x100.jpg 100w\" sizes=\"(max-width: 150px) 100vw, 150px\" \/>\t\t\t\t\t\t\t\t<\/a>\n\t\t\t\t\t\t\t\t\t\t\t\t\t\t\t<\/div>\n\t\t\t\t<\/div>\n\t\t\t\t<div class=\"elementor-element elementor-element-7be63dd elementor-widget elementor-widget-text-editor\" data-id=\"7be63dd\" data-element_type=\"widget\" data-widget_type=\"text-editor.default\">\n\t\t\t\t<div class=\"elementor-widget-container\">\n\t\t\t\t\t\t\t<p><a href=\"https:\/\/scholar.google.pt\/citations?user=MEwcBOsAAAAJ&amp;hl=pt-PT\">Francisco Silva<\/a><\/p><p>Ph.D. Student<\/p>\t\t\t\t\t\t<\/div>\n\t\t\t\t<\/div>\n\t\t\t\t\t<\/div>\n\t\t<\/div>\n\t\t\t\t\t\t\t<\/div>\n\t\t<\/section>\n\t\t\t\t<section class=\"elementor-section elementor-top-section elementor-element elementor-element-2fecbee elementor-section-boxed elementor-section-height-default elementor-section-height-default\" data-id=\"2fecbee\" data-element_type=\"section\">\n\t\t\t\t\t\t<div class=\"elementor-container elementor-column-gap-default\">\n\t\t\t\t\t<div class=\"elementor-column elementor-col-25 elementor-top-column elementor-element elementor-element-7fc0a3d\" data-id=\"7fc0a3d\" data-element_type=\"column\" data-settings=\"{&quot;background_background&quot;:&quot;classic&quot;}\">\n\t\t\t<div class=\"elementor-widget-wrap elementor-element-populated\">\n\t\t\t\t\t\t\t\t<div class=\"elementor-element elementor-element-3b5e6f5 elementor-widget elementor-widget-image\" data-id=\"3b5e6f5\" data-element_type=\"widget\" data-widget_type=\"image.default\">\n\t\t\t\t<div class=\"elementor-widget-container\">\n\t\t\t\t\t\t\t\t\t\t\t\t\t\t\t\t<a href=\"https:\/\/scholar.google.com\/citations?view_op=list_works&#038;hl=en&#038;user=FFPXbIQAAAAJ\">\n\t\t\t\t\t\t\t<img decoding=\"async\" width=\"150\" height=\"150\" src=\"https:\/\/e2tes.ist.utl.pt\/wordpress\/wp-content\/uploads\/2021\/07\/Pedro-1-150x150.jpg\" class=\"attachment-thumbnail size-thumbnail\" alt=\"\" loading=\"lazy\" srcset=\"https:\/\/e2tes.ist.utl.pt\/wordpress\/wp-content\/uploads\/2021\/07\/Pedro-1-150x150.jpg 150w, https:\/\/e2tes.ist.utl.pt\/wordpress\/wp-content\/uploads\/2021\/07\/Pedro-1-100x100.jpg 100w\" sizes=\"(max-width: 150px) 100vw, 150px\" \/>\t\t\t\t\t\t\t\t<\/a>\n\t\t\t\t\t\t\t\t\t\t\t\t\t\t\t<\/div>\n\t\t\t\t<\/div>\n\t\t\t\t<div class=\"elementor-element elementor-element-93fe43a elementor-widget elementor-widget-text-editor\" data-id=\"93fe43a\" data-element_type=\"widget\" data-widget_type=\"text-editor.default\">\n\t\t\t\t<div class=\"elementor-widget-container\">\n\t\t\t\t\t\t\t<p><a href=\"https:\/\/scholar.google.com\/citations?view_op=list_works&amp;hl=en&amp;user=FFPXbIQAAAAJ\">Pedro Bhagubai<\/a><\/p><p>Ph.D. Student<\/p>\t\t\t\t\t\t<\/div>\n\t\t\t\t<\/div>\n\t\t\t\t\t<\/div>\n\t\t<\/div>\n\t\t\t\t<div class=\"elementor-column elementor-col-25 elementor-top-column elementor-element elementor-element-cec9f5a\" data-id=\"cec9f5a\" data-element_type=\"column\" data-settings=\"{&quot;background_background&quot;:&quot;classic&quot;}\">\n\t\t\t<div class=\"elementor-widget-wrap elementor-element-populated\">\n\t\t\t\t\t\t\t\t<div class=\"elementor-element elementor-element-4e307a4 elementor-widget elementor-widget-image\" data-id=\"4e307a4\" data-element_type=\"widget\" data-widget_type=\"image.default\">\n\t\t\t\t<div class=\"elementor-widget-container\">\n\t\t\t\t\t\t\t\t\t\t\t\t\t\t\t\t<a href=\"https:\/\/scholar.google.pt\/citations?user=qmfAWtcAAAAJ&#038;hl=pt-PT\">\n\t\t\t\t\t\t\t<img decoding=\"async\" width=\"150\" height=\"150\" src=\"https:\/\/e2tes.ist.utl.pt\/wordpress\/wp-content\/uploads\/2021\/07\/Andres-1-150x150.jpg\" class=\"attachment-thumbnail size-thumbnail\" alt=\"\" loading=\"lazy\" srcset=\"https:\/\/e2tes.ist.utl.pt\/wordpress\/wp-content\/uploads\/2021\/07\/Andres-1-150x150.jpg 150w, https:\/\/e2tes.ist.utl.pt\/wordpress\/wp-content\/uploads\/2021\/07\/Andres-1-400x400.jpg 400w, https:\/\/e2tes.ist.utl.pt\/wordpress\/wp-content\/uploads\/2021\/07\/Andres-1-100x100.jpg 100w\" sizes=\"(max-width: 150px) 100vw, 150px\" \/>\t\t\t\t\t\t\t\t<\/a>\n\t\t\t\t\t\t\t\t\t\t\t\t\t\t\t<\/div>\n\t\t\t\t<\/div>\n\t\t\t\t<div class=\"elementor-element elementor-element-123e532 elementor-widget elementor-widget-text-editor\" data-id=\"123e532\" data-element_type=\"widget\" data-widget_type=\"text-editor.default\">\n\t\t\t\t<div class=\"elementor-widget-container\">\n\t\t\t\t\t\t\t<p><a href=\"https:\/\/scholar.google.pt\/citations?user=qmfAWtcAAAAJ&amp;hl=pt-PT\">Andr\u00e9s Z\u00fa\u00f1iga<\/a><\/p><p>Ph.D. Student<\/p>\t\t\t\t\t\t<\/div>\n\t\t\t\t<\/div>\n\t\t\t\t\t<\/div>\n\t\t<\/div>\n\t\t\t\t<div class=\"elementor-column elementor-col-25 elementor-top-column elementor-element elementor-element-bcaf956\" data-id=\"bcaf956\" data-element_type=\"column\" data-settings=\"{&quot;background_background&quot;:&quot;classic&quot;}\">\n\t\t\t<div class=\"elementor-widget-wrap elementor-element-populated\">\n\t\t\t\t\t\t\t\t<div class=\"elementor-element elementor-element-a831aa1 elementor-widget elementor-widget-image\" data-id=\"a831aa1\" data-element_type=\"widget\" data-widget_type=\"image.default\">\n\t\t\t\t<div class=\"elementor-widget-container\">\n\t\t\t\t\t\t\t\t\t\t\t\t\t\t\t\t<a href=\"https:\/\/scholar.google.pt\/citations?user=qzI4iZEAAAAJ&#038;hl=pt-PT\">\n\t\t\t\t\t\t\t<img decoding=\"async\" width=\"150\" height=\"150\" src=\"https:\/\/e2tes.ist.utl.pt\/wordpress\/wp-content\/uploads\/2021\/07\/Eduardo-Sarquis-Filho-150x150.jpg\" class=\"attachment-thumbnail size-thumbnail\" alt=\"\" loading=\"lazy\" srcset=\"https:\/\/e2tes.ist.utl.pt\/wordpress\/wp-content\/uploads\/2021\/07\/Eduardo-Sarquis-Filho-150x150.jpg 150w, https:\/\/e2tes.ist.utl.pt\/wordpress\/wp-content\/uploads\/2021\/07\/Eduardo-Sarquis-Filho-400x400.jpg 400w, https:\/\/e2tes.ist.utl.pt\/wordpress\/wp-content\/uploads\/2021\/07\/Eduardo-Sarquis-Filho-100x100.jpg 100w\" sizes=\"(max-width: 150px) 100vw, 150px\" \/>\t\t\t\t\t\t\t\t<\/a>\n\t\t\t\t\t\t\t\t\t\t\t\t\t\t\t<\/div>\n\t\t\t\t<\/div>\n\t\t\t\t<div class=\"elementor-element elementor-element-3695aa4 elementor-widget elementor-widget-text-editor\" data-id=\"3695aa4\" data-element_type=\"widget\" data-widget_type=\"text-editor.default\">\n\t\t\t\t<div class=\"elementor-widget-container\">\n\t\t\t\t\t\t\t<p><a href=\"https:\/\/scholar.google.pt\/citations?user=qzI4iZEAAAAJ&amp;hl=pt-PT\">Eduardo Sarquis<\/a><\/p><p>Ph.D. Student<\/p>\t\t\t\t\t\t<\/div>\n\t\t\t\t<\/div>\n\t\t\t\t\t<\/div>\n\t\t<\/div>\n\t\t\t\t<div class=\"elementor-column elementor-col-25 elementor-top-column elementor-element elementor-element-99b9aef\" data-id=\"99b9aef\" data-element_type=\"column\" data-settings=\"{&quot;background_background&quot;:&quot;classic&quot;}\">\n\t\t\t<div class=\"elementor-widget-wrap elementor-element-populated\">\n\t\t\t\t\t\t\t\t<div class=\"elementor-element elementor-element-164f5ba elementor-widget elementor-widget-image\" data-id=\"164f5ba\" data-element_type=\"widget\" data-widget_type=\"image.default\">\n\t\t\t\t<div class=\"elementor-widget-container\">\n\t\t\t\t\t\t\t\t\t\t\t\t\t\t\t\t<a href=\"https:\/\/scholar.google.pt\/citations?user=tjR6PNMAAAAJ&#038;hl=pt-PT\">\n\t\t\t\t\t\t\t<img decoding=\"async\" width=\"150\" height=\"150\" src=\"https:\/\/e2tes.ist.utl.pt\/wordpress\/wp-content\/uploads\/2021\/08\/Arnaud-5-150x150.png\" class=\"attachment-thumbnail size-thumbnail\" alt=\"\" loading=\"lazy\" srcset=\"https:\/\/e2tes.ist.utl.pt\/wordpress\/wp-content\/uploads\/2021\/08\/Arnaud-5-150x150.png 150w, https:\/\/e2tes.ist.utl.pt\/wordpress\/wp-content\/uploads\/2021\/08\/Arnaud-5-282x280.png 282w, https:\/\/e2tes.ist.utl.pt\/wordpress\/wp-content\/uploads\/2021\/08\/Arnaud-5-100x100.png 100w\" sizes=\"(max-width: 150px) 100vw, 150px\" \/>\t\t\t\t\t\t\t\t<\/a>\n\t\t\t\t\t\t\t\t\t\t\t\t\t\t\t<\/div>\n\t\t\t\t<\/div>\n\t\t\t\t<div class=\"elementor-element elementor-element-6cb971c elementor-widget elementor-widget-text-editor\" data-id=\"6cb971c\" data-element_type=\"widget\" data-widget_type=\"text-editor.default\">\n\t\t\t\t<div class=\"elementor-widget-container\">\n\t\t\t\t\t\t\t<p><a href=\"https:\/\/scholar.google.pt\/citations?user=tjR6PNMAAAAJ&amp;hl=pt-PT\">Jo\u00e3o Arnaud<\/a><\/p><p>Ph.D. Student<\/p>\t\t\t\t\t\t<\/div>\n\t\t\t\t<\/div>\n\t\t\t\t\t<\/div>\n\t\t<\/div>\n\t\t\t\t\t\t\t<\/div>\n\t\t<\/section>\n\t\t\t\t<section class=\"elementor-section elementor-top-section elementor-element elementor-element-acf11c1 elementor-section-boxed elementor-section-height-default elementor-section-height-default\" data-id=\"acf11c1\" data-element_type=\"section\">\n\t\t\t\t\t\t<div class=\"elementor-container elementor-column-gap-default\">\n\t\t\t\t\t<div class=\"elementor-column elementor-col-25 elementor-top-column elementor-element elementor-element-ae53ae3\" data-id=\"ae53ae3\" data-element_type=\"column\" data-settings=\"{&quot;background_background&quot;:&quot;classic&quot;}\">\n\t\t\t<div class=\"elementor-widget-wrap elementor-element-populated\">\n\t\t\t\t\t\t\t\t<div class=\"elementor-element elementor-element-3391f43 elementor-widget elementor-widget-image\" data-id=\"3391f43\" data-element_type=\"widget\" data-widget_type=\"image.default\">\n\t\t\t\t<div class=\"elementor-widget-container\">\n\t\t\t\t\t\t\t\t\t\t\t\t\t\t\t<img decoding=\"async\" width=\"150\" height=\"150\" src=\"https:\/\/e2tes.ist.utl.pt\/wordpress\/wp-content\/uploads\/2021\/07\/Guilherme-150x150.jpg\" class=\"attachment-thumbnail size-thumbnail\" alt=\"\" loading=\"lazy\" srcset=\"https:\/\/e2tes.ist.utl.pt\/wordpress\/wp-content\/uploads\/2021\/07\/Guilherme-150x150.jpg 150w, https:\/\/e2tes.ist.utl.pt\/wordpress\/wp-content\/uploads\/2021\/07\/Guilherme-400x400.jpg 400w, https:\/\/e2tes.ist.utl.pt\/wordpress\/wp-content\/uploads\/2021\/07\/Guilherme-100x100.jpg 100w\" sizes=\"(max-width: 150px) 100vw, 150px\" \/>\t\t\t\t\t\t\t\t\t\t\t\t\t\t\t<\/div>\n\t\t\t\t<\/div>\n\t\t\t\t<div class=\"elementor-element elementor-element-5ca7818 elementor-widget elementor-widget-text-editor\" data-id=\"5ca7818\" data-element_type=\"widget\" data-widget_type=\"text-editor.default\">\n\t\t\t\t<div class=\"elementor-widget-container\">\n\t\t\t\t\t\t\t<p>Guilherme Freire<\/p><p>Researcher<\/p>\t\t\t\t\t\t<\/div>\n\t\t\t\t<\/div>\n\t\t\t\t\t<\/div>\n\t\t<\/div>\n\t\t\t\t<div class=\"elementor-column elementor-col-25 elementor-top-column elementor-element elementor-element-4e0be36\" data-id=\"4e0be36\" data-element_type=\"column\" data-settings=\"{&quot;background_background&quot;:&quot;classic&quot;}\">\n\t\t\t<div class=\"elementor-widget-wrap elementor-element-populated\">\n\t\t\t\t\t\t\t\t<div class=\"elementor-element elementor-element-e574af5 elementor-widget elementor-widget-image\" data-id=\"e574af5\" data-element_type=\"widget\" data-widget_type=\"image.default\">\n\t\t\t\t<div class=\"elementor-widget-container\">\n\t\t\t\t\t\t\t\t\t\t\t\t\t\t\t<img decoding=\"async\" width=\"150\" height=\"150\" src=\"https:\/\/e2tes.ist.utl.pt\/wordpress\/wp-content\/uploads\/2022\/03\/Jonathan-e1646140993646.jpg\" class=\"attachment-thumbnail size-thumbnail\" alt=\"\" loading=\"lazy\" \/>\t\t\t\t\t\t\t\t\t\t\t\t\t\t\t<\/div>\n\t\t\t\t<\/div>\n\t\t\t\t<div class=\"elementor-element elementor-element-7492cbb elementor-widget elementor-widget-text-editor\" data-id=\"7492cbb\" data-element_type=\"widget\" data-widget_type=\"text-editor.default\">\n\t\t\t\t<div class=\"elementor-widget-container\">\n\t\t\t\t\t\t\t<p>Jonathan Velasco\u00a0<\/p><p>Researcher<\/p>\t\t\t\t\t\t<\/div>\n\t\t\t\t<\/div>\n\t\t\t\t\t<\/div>\n\t\t<\/div>\n\t\t\t\t<div class=\"elementor-column elementor-col-25 elementor-top-column elementor-element elementor-element-d6891da\" data-id=\"d6891da\" data-element_type=\"column\" data-settings=\"{&quot;background_background&quot;:&quot;classic&quot;}\">\n\t\t\t<div class=\"elementor-widget-wrap elementor-element-populated\">\n\t\t\t\t\t\t\t\t<div class=\"elementor-element elementor-element-194ef9d elementor-widget elementor-widget-image\" data-id=\"194ef9d\" data-element_type=\"widget\" data-widget_type=\"image.default\">\n\t\t\t\t<div class=\"elementor-widget-container\">\n\t\t\t\t\t\t\t\t\t\t\t\t\t\t\t<img decoding=\"async\" width=\"150\" height=\"150\" src=\"https:\/\/e2tes.ist.utl.pt\/wordpress\/wp-content\/uploads\/2023\/05\/Luis_Bucho-150x150.jpeg\" class=\"attachment-thumbnail size-thumbnail\" alt=\"\" loading=\"lazy\" srcset=\"https:\/\/e2tes.ist.utl.pt\/wordpress\/wp-content\/uploads\/2023\/05\/Luis_Bucho-150x150.jpeg 150w, https:\/\/e2tes.ist.utl.pt\/wordpress\/wp-content\/uploads\/2023\/05\/Luis_Bucho-400x400.jpeg 400w, https:\/\/e2tes.ist.utl.pt\/wordpress\/wp-content\/uploads\/2023\/05\/Luis_Bucho-100x100.jpeg 100w\" sizes=\"(max-width: 150px) 100vw, 150px\" \/>\t\t\t\t\t\t\t\t\t\t\t\t\t\t\t<\/div>\n\t\t\t\t<\/div>\n\t\t\t\t<div class=\"elementor-element elementor-element-1ff059a elementor-widget elementor-widget-text-editor\" data-id=\"1ff059a\" data-element_type=\"widget\" data-widget_type=\"text-editor.default\">\n\t\t\t\t<div class=\"elementor-widget-container\">\n\t\t\t\t\t\t\t<p>Lu\u00eds Bucho&nbsp;<\/p><p>Researcher<br><\/p>\t\t\t\t\t\t<\/div>\n\t\t\t\t<\/div>\n\t\t\t\t\t<\/div>\n\t\t<\/div>\n\t\t\t\t<div class=\"elementor-column elementor-col-25 elementor-top-column elementor-element elementor-element-8f8a63b\" data-id=\"8f8a63b\" data-element_type=\"column\" data-settings=\"{&quot;background_background&quot;:&quot;classic&quot;}\">\n\t\t\t<div class=\"elementor-widget-wrap elementor-element-populated\">\n\t\t\t\t\t\t\t\t<div class=\"elementor-element elementor-element-b38363d elementor-widget elementor-widget-image\" data-id=\"b38363d\" data-element_type=\"widget\" data-widget_type=\"image.default\">\n\t\t\t\t<div class=\"elementor-widget-container\">\n\t\t\t\t\t\t\t\t\t\t\t\t\t\t\t<img decoding=\"async\" width=\"150\" height=\"150\" src=\"https:\/\/e2tes.ist.utl.pt\/wordpress\/wp-content\/uploads\/2021\/08\/Diogo-Neves-150x150.png\" class=\"attachment-thumbnail size-thumbnail\" alt=\"\" loading=\"lazy\" srcset=\"https:\/\/e2tes.ist.utl.pt\/wordpress\/wp-content\/uploads\/2021\/08\/Diogo-Neves-150x150.png 150w, https:\/\/e2tes.ist.utl.pt\/wordpress\/wp-content\/uploads\/2021\/08\/Diogo-Neves-100x100.png 100w\" sizes=\"(max-width: 150px) 100vw, 150px\" \/>\t\t\t\t\t\t\t\t\t\t\t\t\t\t\t<\/div>\n\t\t\t\t<\/div>\n\t\t\t\t<div class=\"elementor-element elementor-element-e716fbb elementor-widget elementor-widget-text-editor\" data-id=\"e716fbb\" data-element_type=\"widget\" data-widget_type=\"text-editor.default\">\n\t\t\t\t<div class=\"elementor-widget-container\">\n\t\t\t\t\t\t\t<p>Diogo Neves<\/p><p>Web Designer\/Master Student<\/p>\t\t\t\t\t\t<\/div>\n\t\t\t\t<\/div>\n\t\t\t\t\t<\/div>\n\t\t<\/div>\n\t\t\t\t\t\t\t<\/div>\n\t\t<\/section>\n\t\t\t\t\t\t\t<\/div>\n\t\t","protected":false},"excerpt":{"rendered":"<p>Paulo Branco Associate Professor with Habilitation Jo\u00e3o Fernandes Assistant Professor Ant\u00f3nio Costa Ph.D. Student Francisco Silva Ph.D. Student Pedro Bhagubai Ph.D. Student Andr\u00e9s Z\u00fa\u00f1iga Ph.D. Student Eduardo Sarquis Ph.D. Student Jo\u00e3o Arnaud Ph.D. Student Guilherme Freire Researcher Jonathan Velasco\u00a0 Researcher Lu\u00eds Bucho&nbsp; Researcher Diogo Neves Web Designer\/Master Student<\/p>\n","protected":false},"author":1,"featured_media":0,"parent":0,"menu_order":0,"comment_status":"closed","ping_status":"closed","template":"elementor_header_footer","meta":[],"_links":{"self":[{"href":"https:\/\/e2tes.ist.utl.pt\/wordpress\/wp-json\/wp\/v2\/pages\/42"}],"collection":[{"href":"https:\/\/e2tes.ist.utl.pt\/wordpress\/wp-json\/wp\/v2\/pages"}],"about":[{"href":"https:\/\/e2tes.ist.utl.pt\/wordpress\/wp-json\/wp\/v2\/types\/page"}],"author":[{"embeddable":true,"href":"https:\/\/e2tes.ist.utl.pt\/wordpress\/wp-json\/wp\/v2\/users\/1"}],"replies":[{"embeddable":true,"href":"https:\/\/e2tes.ist.utl.pt\/wordpress\/wp-json\/wp\/v2\/comments?post=42"}],"version-history":[{"count":124,"href":"https:\/\/e2tes.ist.utl.pt\/wordpress\/wp-json\/wp\/v2\/pages\/42\/revisions"}],"predecessor-version":[{"id":1824,"href":"https:\/\/e2tes.ist.utl.pt\/wordpress\/wp-json\/wp\/v2\/pages\/42\/revisions\/1824"}],"wp:attachment":[{"href":"https:\/\/e2tes.ist.utl.pt\/wordpress\/wp-json\/wp\/v2\/media?parent=42"}],"curies":[{"name":"wp","href":"https:\/\/api.w.org\/{rel}","templated":true}]}}